{"id":2387,"date":"2023-04-23T14:06:40","date_gmt":"2023-04-23T11:06:40","guid":{"rendered":"https:\/\/demo.agile-track.com\/?page_id=2387"},"modified":"2025-01-12T21:49:33","modified_gmt":"2025-01-12T18:49:33","slug":"impressum","status":"publish","type":"page","link":"https:\/\/agile-track.com\/de\/impressum\/","title":{"rendered":"Impressum"},"content":{"rendered":"<style>.elementor-2387 .elementor-element.elementor-element-828b1a2{--display:flex;--flex-direction:column;--container-widget-width:100%;--container-widget-height:initial;--container-widget-flex-grow:0;--container-widget-align-self:initial;--flex-wrap-mobile:wrap;--background-transition:0.3s;--padding-top:10px;--padding-bottom:40px;--padding-left:20px;--padding-right:20px;}<\/style>\t\t<div data-elementor-type=\"wp-page\" data-elementor-id=\"2387\" class=\"elementor elementor-2387\">\n\t\t\t\t<div class=\"elementor-element elementor-element-828b1a2 e-flex e-con-boxed e-con e-parent\" data-id=\"828b1a2\" data-element_type=\"container\">\n\t\t\t\t\t<div class=\"e-con-inner\">\n\t\t\t\t<div class=\"elementor-element elementor-element-5246b92 elementor-widget elementor-widget-text-editor\" data-id=\"5246b92\" data-element_type=\"widget\" data-widget_type=\"text-editor.default\">\n\t\t\t\t<div class=\"elementor-widget-container\">\n\t\t\t\t\t\t\t<h2>Impressum<\/h2><p><b>Angaben gem\u00e4\u00df \u00a7 5 TMG<\/b><\/p><ul><li>Firma: Agile Track Solutions GmbH<\/li><li>Gesch\u00e4ftsf\u00fchrer: Sergiy Pakholchak (CEO)<\/li><li>Adresse: An der Pleichach 8<br \/>97078 W\u00fcrzburg<\/li><li><span style=\"background-color: transparent; text-align: var(--text-align);\">E-Mail: contact@agile-track.com<\/span><\/li><\/ul><p><strong>Handelsregister:<\/strong> Amtsgericht Wu\u0308rzburg HRB 14645<\/p><p><strong>USt-ID:<\/strong> DE325102177<\/p><p><strong>Verantwortlich f\u00fcr den Inhalt nach \u00a7 55 Abs. 2 RStV: <\/strong>Sergiy Pakholchak<\/p>\t\t\t\t\t\t<\/div>\n\t\t\t\t<\/div>\n\t\t\t\t\t<\/div>\n\t\t\t\t<\/div>\n\t\t\t\t<\/div>","protected":false},"excerpt":{"rendered":"<p>Impressum Informationen nach \u00a7 5 TMG: Firma: Agile Track Solutions GmbH Gesch\u00e4ftsf\u00fchrer: Sergiy Pakholchak (CEO) Anschrift: An der Pleichach 897078 W\u00fcrzburg E-Mail: contact@agile-track.com Handelsregister: Amtsgericht W\u00fcrzburg HRB 14645 Umsatzsteuer-ID: DE325102177 Inhaltlich Verantwortlicher gem\u00e4\u00df \u00a7 55 Abs. 2 RStV: Sergiy Pakholchak<\/p>","protected":false},"author":1,"featured_media":0,"parent":0,"menu_order":0,"comment_status":"closed","ping_status":"closed","template":"elementor_header_footer","meta":{"_acf_changed":false,"footnotes":""},"class_list":["post-2387","page","type-page","status-publish","hentry"],"acf":[],"yoast_head":"<!-- This site is optimized with the Yoast SEO plugin v26.8 - https:\/\/yoast.com\/product\/yoast-seo-wordpress\/ -->\n<title>Imprint - ATS<\/title>\n<meta name=\"robots\" content=\"index, follow, max-snippet:-1, max-image-preview:large, max-video-preview:-1\" \/>\n<link rel=\"canonical\" href=\"https:\/\/develop.agile-track.com\/impressum\/\" \/>\n<meta property=\"og:locale\" content=\"de_DE\" \/>\n<meta property=\"og:type\" content=\"article\" \/>\n<meta property=\"og:title\" content=\"Imprint - ATS\" \/>\n<meta property=\"og:description\" content=\"Imprint Information according to \u00a7 5 TMG: Company: Agile Track Solutions GmbH Managing Director: Sergiy Pakholchak (CEO) Address: An der Pleichach 897078 W\u00fcrzburg Email: contact@agile-track.com Commercial Register: Amtsgericht Wu\u0308rzburg HRB 14645 VAT-ID: DE325102177 Responsible for content according to \u00a7 55 Abs. 2 RStV: Sergiy Pakholchak\" \/>\n<meta property=\"og:url\" content=\"https:\/\/develop.agile-track.com\/impressum\/\" \/>\n<meta property=\"og:site_name\" content=\"ATS\" \/>\n<meta property=\"article:modified_time\" content=\"2025-01-12T18:49:33+00:00\" \/>\n<meta name=\"twitter:card\" content=\"summary_large_image\" \/>\n<meta name=\"twitter:label1\" content=\"Gesch\u00e4tzte Lesezeit\" \/>\n\t<meta name=\"twitter:data1\" content=\"1\u00a0Minute\" \/>\n<script type=\"application\/ld+json\" class=\"yoast-schema-graph\">{\"@context\":\"https:\/\/schema.org\",\"@graph\":[{\"@type\":\"WebPage\",\"@id\":\"https:\/\/develop.agile-track.com\/impressum\/\",\"url\":\"https:\/\/develop.agile-track.com\/impressum\/\",\"name\":\"Imprint - ATS\",\"isPartOf\":{\"@id\":\"https:\/\/develop.agile-track.com\/#website\"},\"datePublished\":\"2023-04-23T11:06:40+00:00\",\"dateModified\":\"2025-01-12T18:49:33+00:00\",\"breadcrumb\":{\"@id\":\"https:\/\/develop.agile-track.com\/impressum\/#breadcrumb\"},\"inLanguage\":\"de\",\"potentialAction\":[{\"@type\":\"ReadAction\",\"target\":[\"https:\/\/develop.agile-track.com\/impressum\/\"]}]},{\"@type\":\"BreadcrumbList\",\"@id\":\"https:\/\/develop.agile-track.com\/impressum\/#breadcrumb\",\"itemListElement\":[{\"@type\":\"ListItem\",\"position\":1,\"name\":\"\",\"item\":\"https:\/\/develop.agile-track.com\/\"},{\"@type\":\"ListItem\",\"position\":2,\"name\":\"Impressum\"}]},{\"@type\":\"WebSite\",\"@id\":\"https:\/\/develop.agile-track.com\/#website\",\"url\":\"https:\/\/develop.agile-track.com\/\",\"name\":\"ATS\",\"description\":\"Agile Track Solutions\",\"publisher\":{\"@id\":\"https:\/\/develop.agile-track.com\/#organization\"},\"potentialAction\":[{\"@type\":\"SearchAction\",\"target\":{\"@type\":\"EntryPoint\",\"urlTemplate\":\"https:\/\/develop.agile-track.com\/?s={search_term_string}\"},\"query-input\":{\"@type\":\"PropertyValueSpecification\",\"valueRequired\":true,\"valueName\":\"search_term_string\"}}],\"inLanguage\":\"de\"},{\"@type\":\"Organization\",\"@id\":\"https:\/\/develop.agile-track.com\/#organization\",\"name\":\"Agile Track Solutions\",\"alternateName\":\"ATS\",\"url\":\"https:\/\/develop.agile-track.com\/\",\"logo\":{\"@type\":\"ImageObject\",\"inLanguage\":\"de\",\"@id\":\"https:\/\/develop.agile-track.com\/#\/schema\/logo\/image\/\",\"url\":\"https:\/\/agile-track.com\/wp-content\/uploads\/2023\/04\/cropped-favicon_14_PNG.png\",\"contentUrl\":\"https:\/\/agile-track.com\/wp-content\/uploads\/2023\/04\/cropped-favicon_14_PNG.png\",\"width\":512,\"height\":512,\"caption\":\"Agile Track Solutions\"},\"image\":{\"@id\":\"https:\/\/develop.agile-track.com\/#\/schema\/logo\/image\/\"}}]}<\/script>\n<!-- \/ Yoast SEO plugin. -->","yoast_head_json":{"title":"Imprint - ATS","robots":{"index":"index","follow":"follow","max-snippet":"max-snippet:-1","max-image-preview":"max-image-preview:large","max-video-preview":"max-video-preview:-1"},"canonical":"https:\/\/develop.agile-track.com\/impressum\/","og_locale":"de_DE","og_type":"article","og_title":"Imprint - ATS","og_description":"Imprint Information according to \u00a7 5 TMG: Company: Agile Track Solutions GmbH Managing Director: Sergiy Pakholchak (CEO) Address: An der Pleichach 897078 W\u00fcrzburg Email: contact@agile-track.com Commercial Register: Amtsgericht Wu\u0308rzburg HRB 14645 VAT-ID: DE325102177 Responsible for content according to \u00a7 55 Abs. 2 RStV: Sergiy Pakholchak","og_url":"https:\/\/develop.agile-track.com\/impressum\/","og_site_name":"ATS","article_modified_time":"2025-01-12T18:49:33+00:00","twitter_card":"summary_large_image","twitter_misc":{"Gesch\u00e4tzte Lesezeit":"1\u00a0Minute"},"schema":{"@context":"https:\/\/schema.org","@graph":[{"@type":"WebPage","@id":"https:\/\/develop.agile-track.com\/impressum\/","url":"https:\/\/develop.agile-track.com\/impressum\/","name":"Imprint - ATS","isPartOf":{"@id":"https:\/\/develop.agile-track.com\/#website"},"datePublished":"2023-04-23T11:06:40+00:00","dateModified":"2025-01-12T18:49:33+00:00","breadcrumb":{"@id":"https:\/\/develop.agile-track.com\/impressum\/#breadcrumb"},"inLanguage":"de","potentialAction":[{"@type":"ReadAction","target":["https:\/\/develop.agile-track.com\/impressum\/"]}]},{"@type":"BreadcrumbList","@id":"https:\/\/develop.agile-track.com\/impressum\/#breadcrumb","itemListElement":[{"@type":"ListItem","position":1,"name":"","item":"https:\/\/develop.agile-track.com\/"},{"@type":"ListItem","position":2,"name":"Impressum"}]},{"@type":"WebSite","@id":"https:\/\/develop.agile-track.com\/#website","url":"https:\/\/develop.agile-track.com\/","name":"ATS","description":"Agile Track-L\u00f6sungen","publisher":{"@id":"https:\/\/develop.agile-track.com\/#organization"},"potentialAction":[{"@type":"SearchAction","target":{"@type":"EntryPoint","urlTemplate":"https:\/\/develop.agile-track.com\/?s={search_term_string}"},"query-input":{"@type":"PropertyValueSpecification","valueRequired":true,"valueName":"search_term_string"}}],"inLanguage":"de"},{"@type":"Organization","@id":"https:\/\/develop.agile-track.com\/#organization","name":"Agile Track-L\u00f6sungen","alternateName":"ATS","url":"https:\/\/develop.agile-track.com\/","logo":{"@type":"ImageObject","inLanguage":"de","@id":"https:\/\/develop.agile-track.com\/#\/schema\/logo\/image\/","url":"https:\/\/agile-track.com\/wp-content\/uploads\/2023\/04\/cropped-favicon_14_PNG.png","contentUrl":"https:\/\/agile-track.com\/wp-content\/uploads\/2023\/04\/cropped-favicon_14_PNG.png","width":512,"height":512,"caption":"Agile Track Solutions"},"image":{"@id":"https:\/\/develop.agile-track.com\/#\/schema\/logo\/image\/"}}]}},"_links":{"self":[{"href":"https:\/\/agile-track.com\/de\/wp-json\/wp\/v2\/pages\/2387","targetHints":{"allow":["GET"]}}],"collection":[{"href":"https:\/\/agile-track.com\/de\/wp-json\/wp\/v2\/pages"}],"about":[{"href":"https:\/\/agile-track.com\/de\/wp-json\/wp\/v2\/types\/page"}],"author":[{"embeddable":true,"href":"https:\/\/agile-track.com\/de\/wp-json\/wp\/v2\/users\/1"}],"replies":[{"embeddable":true,"href":"https:\/\/agile-track.com\/de\/wp-json\/wp\/v2\/comments?post=2387"}],"version-history":[{"count":11,"href":"https:\/\/agile-track.com\/de\/wp-json\/wp\/v2\/pages\/2387\/revisions"}],"predecessor-version":[{"id":2712,"href":"https:\/\/agile-track.com\/de\/wp-json\/wp\/v2\/pages\/2387\/revisions\/2712"}],"wp:attachment":[{"href":"https:\/\/agile-track.com\/de\/wp-json\/wp\/v2\/media?parent=2387"}],"curies":[{"name":"wp","href":"https:\/\/api.w.org\/{rel}","templated":true}]}}